{"id":398,"date":"2023-08-09T00:43:55","date_gmt":"2023-08-09T00:43:55","guid":{"rendered":"https:\/\/kayanouquebec.ca\/?page_id=398"},"modified":"2025-09-15T00:45:18","modified_gmt":"2025-09-15T00:45:18","slug":"a-propos-des-kayanou-quebec","status":"publish","type":"page","link":"https:\/\/kayanouquebec.ca\/en\/a-propos-des-kayanou-quebec\/","title":{"rendered":"\u00c0 propos"},"content":{"rendered":"<div data-elementor-type=\"wp-page\" data-elementor-id=\"398\" class=\"elementor elementor-398\" data-elementor-post-type=\"page\">\n\t\t\t\t<div class=\"elementor-element elementor-element-f2d4a52 e-con-full e-flex e-con e-parent\" data-id=\"f2d4a52\" data-element_type=\"container\" data-e-type=\"container\">\n\t\t<div class=\"elementor-element elementor-element-cb8f5ef e-con-full e-flex e-con e-child\" data-id=\"cb8f5ef\" data-element_type=\"container\" data-e-type=\"container\">\n\t\t\t\t<div class=\"elementor-element elementor-element-69dbfd3 elementor-widget elementor-widget-heading\" data-id=\"69dbfd3\" data-element_type=\"widget\" data-e-type=\"widget\" data-widget_type=\"heading.default\">\n\t\t\t\t<div class=\"elementor-widget-container\">\n\t\t\t\t\t<h2 class=\"elementor-heading-title elementor-size-default\">Kayanou Qu\u00e9bec<\/h2>\t\t\t\t<\/div>\n\t\t\t\t<\/div>\n\t\t\t\t<div class=\"elementor-element elementor-element-7323e07 elementor-widget elementor-widget-heading\" data-id=\"7323e07\" data-element_type=\"widget\" data-e-type=\"widget\" data-widget_type=\"heading.default\">\n\t\t\t\t<div class=\"elementor-widget-container\">\n\t\t\t\t\t<h2 class=\"elementor-heading-title elementor-size-default\">Le go\u00fbt de chez nous<\/h2>\t\t\t\t<\/div>\n\t\t\t\t<\/div>\n\t\t<div class=\"elementor-element elementor-element-5210741 e-con-full e-flex e-con e-child\" data-id=\"5210741\" data-element_type=\"container\" data-e-type=\"container\">\n\t\t\t\t<div class=\"elementor-element elementor-element-f6c13c6 elementor-widget elementor-widget-text-editor\" data-id=\"f6c13c6\" data-element_type=\"widget\" data-e-type=\"widget\" data-widget_type=\"text-editor.default\">\n\t\t\t\t<div class=\"elementor-widget-container\">\n\t\t\t\t\t\t\t\t\t<p><span class=\"TextRun SCXW253988618 BCX0\" lang=\"FR-CA\" style=\"box-sizing: border-box;\" xml:lang=\"FR-CA\" data-contrast=\"auto\"><span class=\"NormalTextRun SpellingErrorV2Themed SpellingErrorHighlight SCXW253988618 BCX0\" style=\"box-sizing: border-box;\">Kayanou<\/span><span class=\"NormalTextRun SCXW253988618 BCX0\" style=\"box-sizing: border-box;\">, dans la culture ha\u00eftienne signifie <span style=\"text-decoration: underline;\"><strong><em>chez nous<\/em>.<\/strong><\/span> <\/span><\/span><\/p><p>Kayanou Qu\u00e9bec est une entreprise locale qui propose des produits inspir\u00e9s des caraibes faits au Qu\u00e9bec.<\/p><p>Bienvenue chez nous!<\/p>\t\t\t\t\t\t\t\t<\/div>\n\t\t\t\t<\/div>\n\t\t\t\t<\/div>\n\t\t\t\t<\/div>\n\t\t<div class=\"elementor-element elementor-element-ad2e5b0 e-con-full e-flex e-con e-child\" data-id=\"ad2e5b0\" data-element_type=\"container\" data-e-type=\"container\">\n\t\t\t\t<div class=\"elementor-element elementor-element-67c1a12 elementor-widget elementor-widget-image-carousel\" data-id=\"67c1a12\" data-element_type=\"widget\" data-e-type=\"widget\" data-settings=\"{&quot;slides_to_show&quot;:&quot;3&quot;,&quot;navigation&quot;:&quot;none&quot;,&quot;autoplay&quot;:&quot;yes&quot;,&quot;pause_on_hover&quot;:&quot;yes&quot;,&quot;pause_on_interaction&quot;:&quot;yes&quot;,&quot;autoplay_speed&quot;:5000,&quot;infinite&quot;:&quot;yes&quot;,&quot;speed&quot;:500}\" data-widget_type=\"image-carousel.default\">\n\t\t\t\t<div class=\"elementor-widget-container\">\n\t\t\t\t\t\t\t<div class=\"elementor-image-carousel-wrapper swiper\" role=\"region\" aria-roledescription=\"carousel\" aria-label=\"Image Carousel\" dir=\"ltr\">\n\t\t\t<div class=\"elementor-image-carousel swiper-wrapper\" aria-live=\"off\">\n\t\t\t\t\t\t\t\t<div class=\"swiper-slide\" role=\"group\" aria-roledescription=\"slide\" aria-label=\"1 of 3\"><figure class=\"swiper-slide-inner\"><img decoding=\"async\" class=\"swiper-slide-image\" src=\"https:\/\/kayanouquebec.ca\/wp-content\/uploads\/2023\/08\/Saveur-Creole-En-pot.png\" alt=\"Saveur Cr\u00e9ole Kayanou\" \/><\/figure><\/div><div class=\"swiper-slide\" role=\"group\" aria-roledescription=\"slide\" aria-label=\"2 of 3\"><figure class=\"swiper-slide-inner\"><img decoding=\"async\" class=\"swiper-slide-image\" src=\"https:\/\/kayanouquebec.ca\/wp-content\/uploads\/2023\/08\/Poivrons-grilles-En-pot.png\" alt=\"Poivrons Grill\u00e9s Kayanou\" \/><\/figure><\/div><div class=\"swiper-slide\" role=\"group\" aria-roledescription=\"slide\" aria-label=\"3 of 3\"><figure class=\"swiper-slide-inner\"><img decoding=\"async\" class=\"swiper-slide-image\" src=\"https:\/\/kayanouquebec.ca\/wp-content\/uploads\/2023\/08\/Curcuma-Gingembre-En-pot.png\" alt=\"Curcurma-Gingembre Kayanou\" \/><\/figure><\/div>\t\t\t<\/div>\n\t\t\t\t\t\t\t\n\t\t\t\t\t\t\t\t\t<\/div>\n\t\t\t\t\t\t<\/div>\n\t\t\t\t<\/div>\n\t\t\t\t<\/div>\n\t\t\t\t<\/div>\n\t\t<div class=\"elementor-element elementor-element-3e76bae e-flex e-con-boxed e-con e-parent\" data-id=\"3e76bae\" data-element_type=\"container\" data-e-type=\"container\">\n\t\t\t\t\t<div class=\"e-con-inner\">\n\t\t<div class=\"elementor-element elementor-element-62468b8 e-con-full e-flex e-con e-child\" data-id=\"62468b8\" data-element_type=\"container\" data-e-type=\"container\">\n\t\t\t\t<div class=\"elementor-element elementor-element-795acdc elementor-widget elementor-widget-heading\" data-id=\"795acdc\" data-element_type=\"widget\" data-e-type=\"widget\" data-widget_type=\"heading.default\">\n\t\t\t\t<div class=\"elementor-widget-container\">\n\t\t\t\t\t<h2 class=\"elementor-heading-title elementor-size-default\">Les produits Kayanou<\/h2>\t\t\t\t<\/div>\n\t\t\t\t<\/div>\n\t\t\t\t<div class=\"elementor-element elementor-element-ec50bda elementor-widget elementor-widget-text-editor\" data-id=\"ec50bda\" data-element_type=\"widget\" data-e-type=\"widget\" data-widget_type=\"text-editor.default\">\n\t\t\t\t<div class=\"elementor-widget-container\">\n\t\t\t\t\t\t\t\t\t<p><span style=\"font-family: var( --e-global-typography-text-font-family ), Sans-serif; text-align: var(--text-align); font-size: 1rem;\">Faites \u00e0 partir\u00a0 d\u2019ingr\u00e9dients frais et de qualit\u00e9, les marinades Kayanou ont tout pour agr\u00e9menter vos plats !<\/span><\/p><p><span style=\"font-family: var( --e-global-typography-text-font-family ), Sans-serif; text-align: var(--text-align); font-size: 1rem;\"> Pr\u00e9par\u00e9es avec amour et soin, ils vous aident \u00e0 donner de la saveur \u00e0 vos plats le tout sans compromettre votre sant\u00e9.<\/span><\/p><p>Chaque ingr\u00e9dient est soigneusement s\u00e9lectionn\u00e9. Vous y trouverez des produits naturels tels que l\u2019ail, l\u2019huile d\u2019olive, le gingembre et bien plus encore.<\/p><p><strong>Quatre d\u00e9licieuses saveurs sont maintenant offertes :<\/strong><\/p><ul data-start=\"551\" data-end=\"628\"><li>Saveur Cr\u00e9ole<\/li><li data-start=\"551\" data-end=\"568\">Saveur Cr\u00e9ole Piquante<\/li><li>Saveur Poivrons grill\u00e9s<\/li><li>Saveur Gingembre et curcuma<\/li><\/ul>\t\t\t\t\t\t\t\t<\/div>\n\t\t\t\t<\/div>\n\t\t\t\t<div class=\"elementor-element elementor-element-d1093dc elementor-widget elementor-widget-heading\" data-id=\"d1093dc\" data-element_type=\"widget\" data-e-type=\"widget\" data-widget_type=\"heading.default\">\n\t\t\t\t<div class=\"elementor-widget-container\">\n\t\t\t\t\t<h2 class=\"elementor-heading-title elementor-size-default\">Le go\u00fbt de chez nous<\/h2>\t\t\t\t<\/div>\n\t\t\t\t<\/div>\n\t\t\t\t<\/div>\n\t\t<div class=\"elementor-element elementor-element-a71b5ff e-con-full e-flex e-con e-child\" data-id=\"a71b5ff\" data-element_type=\"container\" data-e-type=\"container\">\n\t\t<div class=\"elementor-element elementor-element-6aba1f5 e-flex e-con-boxed e-con e-child\" data-id=\"6aba1f5\" data-element_type=\"container\" data-e-type=\"container\">\n\t\t\t\t\t<div class=\"e-con-inner\">\n\t\t\t\t<div class=\"elementor-element elementor-element-b588ef6 elementor-widget elementor-widget-heading\" data-id=\"b588ef6\" data-element_type=\"widget\" data-e-type=\"widget\" data-widget_type=\"heading.default\">\n\t\t\t\t<div class=\"elementor-widget-container\">\n\t\t\t\t\t<h2 class=\"elementor-heading-title elementor-size-default\">Notre motivation<\/h2>\t\t\t\t<\/div>\n\t\t\t\t<\/div>\n\t\t\t\t<div class=\"elementor-element elementor-element-a3a7994 elementor-widget elementor-widget-text-editor\" data-id=\"a3a7994\" data-element_type=\"widget\" data-e-type=\"widget\" data-widget_type=\"text-editor.default\">\n\t\t\t\t<div class=\"elementor-widget-container\">\n\t\t\t\t\t\t\t\t\t<p><span lang=\"FR-CA\" xml:lang=\"FR-CA\" data-contrast=\"auto\">Mettre en valeur les vraies perles de la cuisine cara\u00efb\u00e9nne qui m\u00e9ritent d\u2019\u00eatre partag\u00e9es au del\u00e0 des fronti\u00e8res. Devenir la r\u00e9f\u00e9rence au Qu\u00e9bec en mati\u00e8re de produits ethniques, naturels et savoureux. <\/span><\/p><p><span lang=\"FR-CA\" xml:lang=\"FR-CA\" data-contrast=\"auto\">Voil\u00e0 notre ambition!<\/span><\/p>\t\t\t\t\t\t\t\t<\/div>\n\t\t\t\t<\/div>\n\t\t\t\t\t<\/div>\n\t\t\t\t<\/div>\n\t\t<div class=\"elementor-element elementor-element-e376945 e-flex e-con-boxed e-con e-child\" data-id=\"e376945\" data-element_type=\"container\" data-e-type=\"container\">\n\t\t\t\t\t<div class=\"e-con-inner\">\n\t\t\t\t<div class=\"elementor-element elementor-element-64a608f elementor-widget elementor-widget-heading\" data-id=\"64a608f\" data-element_type=\"widget\" data-e-type=\"widget\" data-widget_type=\"heading.default\">\n\t\t\t\t<div class=\"elementor-widget-container\">\n\t\t\t\t\t<h2 class=\"elementor-heading-title elementor-size-default\">Notre mission<\/h2>\t\t\t\t<\/div>\n\t\t\t\t<\/div>\n\t\t\t\t<div class=\"elementor-element elementor-element-bff13a2 elementor-widget elementor-widget-text-editor\" data-id=\"bff13a2\" data-element_type=\"widget\" data-e-type=\"widget\" data-widget_type=\"text-editor.default\">\n\t\t\t\t<div class=\"elementor-widget-container\">\n\t\t\t\t\t\t\t\t\t<p style=\"box-sizing: border-box; margin-block: 0px 0.9rem; color: #000000; font-family: Roboto, sans-serif; font-size: 16px; font-style: normal; font-variant-ligatures: normal; font-variant-caps: normal; font-weight: 400; letter-spacing: normal; orphans: 2; text-align: start; text-indent: 0px; text-transform: none; widows: 2; word-spacing: 0px; -webkit-text-stroke-width: 0px; white-space: normal; background-color: #ffffff; text-decoration-thickness: initial; text-decoration-style: initial; text-decoration-color: initial;\"><span class=\"TextRun SCXW253988618 BCX0\" lang=\"FR-CA\" style=\"box-sizing: border-box;\" xml:lang=\"FR-CA\" data-contrast=\"auto\"><span class=\"NormalTextRun SCXW253988618 BCX0\" style=\"box-sizing: border-box;\">Sa mission est de promouvoir la richesse culinaire des Cara\u00efbes tout en favorisant une alimentation saine, locale et \u00e9coresponsable.<\/span><\/span><\/p>\t\t\t\t\t\t\t\t<\/div>\n\t\t\t\t<\/div>\n\t\t\t\t\t<\/div>\n\t\t\t\t<\/div>\n\t\t\t\t<\/div>\n\t\t\t\t\t<\/div>\n\t\t\t\t<\/div>\n\t\t<div class=\"elementor-element elementor-element-269a611 e-con-full e-flex e-con e-parent\" data-id=\"269a611\" data-element_type=\"container\" data-e-type=\"container\">\n\t\t\t\t<div class=\"elementor-element elementor-element-5393a90 elementor-widget elementor-widget-heading\" data-id=\"5393a90\" data-element_type=\"widget\" data-e-type=\"widget\" data-widget_type=\"heading.default\">\n\t\t\t\t<div class=\"elementor-widget-container\">\n\t\t\t\t\t<h2 class=\"elementor-heading-title elementor-size-default\">Qu'attendez-vous?<\/h2>\t\t\t\t<\/div>\n\t\t\t\t<\/div>\n\t\t\t\t<div class=\"elementor-element elementor-element-064a963 elementor-widget elementor-widget-heading\" data-id=\"064a963\" data-element_type=\"widget\" data-e-type=\"widget\" data-widget_type=\"heading.default\">\n\t\t\t\t<div class=\"elementor-widget-container\">\n\t\t\t\t\t<h2 class=\"elementor-heading-title elementor-size-default\">D\u00e9couvrez sans compromis le go\u00fbt de chez nous .<\/h2>\t\t\t\t<\/div>\n\t\t\t\t<\/div>\n\t\t\t\t<div class=\"elementor-element elementor-element-5165aa9 elementor-widget elementor-widget-button\" data-id=\"5165aa9\" data-element_type=\"widget\" data-e-type=\"widget\" data-widget_type=\"button.default\">\n\t\t\t\t<div class=\"elementor-widget-container\">\n\t\t\t\t\t\t\t\t\t<div class=\"elementor-button-wrapper\">\n\t\t\t\t\t<a class=\"elementor-button elementor-button-link elementor-size-sm\" href=\"https:\/\/kayanouquebec.ca\/en\/boutique\/\">\n\t\t\t\t\t\t<span class=\"elementor-button-content-wrapper\">\n\t\t\t\t\t\t\t\t\t<span class=\"elementor-button-text\">Visitez la boutique<\/span>\n\t\t\t\t\t<\/span>\n\t\t\t\t\t<\/a>\n\t\t\t\t<\/div>\n\t\t\t\t\t\t\t\t<\/div>\n\t\t\t\t<\/div>\n\t\t\t\t<\/div>\n\t\t\t\t<\/div>","protected":false},"excerpt":{"rendered":"<p>Kayanou Qu\u00e9bec Le go\u00fbt de chez nous Kayanou, dans la culture ha\u00eftienne signifie chez nous. Kayanou Qu\u00e9bec est une entreprise locale qui propose des produits inspir\u00e9s des caraibes faits au Qu\u00e9bec. Bienvenue chez nous! Les produits Kayanou Faites \u00e0 partir\u00a0 d\u2019ingr\u00e9dients frais et de qualit\u00e9, les marinades Kayanou ont tout pour agr\u00e9menter vos plats ! [&hellip;]<\/p>\n","protected":false},"author":1,"featured_media":0,"parent":0,"menu_order":0,"comment_status":"closed","ping_status":"closed","template":"","meta":{"_acf_changed":false,"nf_dc_page":"","wprm-recipe-roundup-name":"","wprm-recipe-roundup-description":"","footnotes":""},"class_list":["post-398","page","type-page","status-publish","hentry"],"acf":[],"_links":{"self":[{"href":"https:\/\/kayanouquebec.ca\/en\/wp-json\/wp\/v2\/pages\/398","targetHints":{"allow":["GET"]}}],"collection":[{"href":"https:\/\/kayanouquebec.ca\/en\/wp-json\/wp\/v2\/pages"}],"about":[{"href":"https:\/\/kayanouquebec.ca\/en\/wp-json\/wp\/v2\/types\/page"}],"author":[{"embeddable":true,"href":"https:\/\/kayanouquebec.ca\/en\/wp-json\/wp\/v2\/users\/1"}],"replies":[{"embeddable":true,"href":"https:\/\/kayanouquebec.ca\/en\/wp-json\/wp\/v2\/comments?post=398"}],"version-history":[{"count":18,"href":"https:\/\/kayanouquebec.ca\/en\/wp-json\/wp\/v2\/pages\/398\/revisions"}],"predecessor-version":[{"id":1473,"href":"https:\/\/kayanouquebec.ca\/en\/wp-json\/wp\/v2\/pages\/398\/revisions\/1473"}],"wp:attachment":[{"href":"https:\/\/kayanouquebec.ca\/en\/wp-json\/wp\/v2\/media?parent=398"}],"curies":[{"name":"wp","href":"https:\/\/api.w.org\/{rel}","templated":true}]}}