{"id":418,"date":"2023-08-09T10:27:07","date_gmt":"2023-08-09T10:27:07","guid":{"rendered":"https:\/\/kayanouquebec.ca\/?page_id=418"},"modified":"2025-09-11T03:08:21","modified_gmt":"2025-09-11T03:08:21","slug":"localisateur-en-magasin","status":"publish","type":"page","link":"https:\/\/kayanouquebec.ca\/en\/localisateur-en-magasin\/","title":{"rendered":"Localisateur en magasin"},"content":{"rendered":"\t\t<div data-elementor-type=\"wp-page\" data-elementor-id=\"418\" class=\"elementor elementor-418\" data-elementor-post-type=\"page\">\n\t\t\t\t<div class=\"elementor-element elementor-element-4c5b7eb e-flex e-con-boxed e-con e-parent\" data-id=\"4c5b7eb\" data-element_type=\"container\" data-e-type=\"container\" data-settings=\"{&quot;background_background&quot;:&quot;classic&quot;}\">\n\t\t\t\t\t<div class=\"e-con-inner\">\n\t\t\t\t<div class=\"elementor-element elementor-element-ce60043 elementor-widget elementor-widget-heading\" data-id=\"ce60043\" data-element_type=\"widget\" data-e-type=\"widget\" data-widget_type=\"heading.default\">\n\t\t\t\t<div class=\"elementor-widget-container\">\n\t\t\t\t\t<h2 class=\"elementor-heading-title elementor-size-default\">Nos Partenaires<\/h2>\t\t\t\t<\/div>\n\t\t\t\t<\/div>\n\t\t\t\t<div class=\"elementor-element elementor-element-1e2ab36 elementor-widget__width-initial elementor-widget-mobile__width-initial elementor-widget elementor-widget-text-editor\" data-id=\"1e2ab36\" data-element_type=\"widget\" data-e-type=\"widget\" data-widget_type=\"text-editor.default\">\n\t\t\t\t<div class=\"elementor-widget-container\">\n\t\t\t\t\t\t\t\t\t<p>D\u00e9couvrez nos produits dans ces points de vente. Vous cherchez quelque chose de pr\u00e9cis ? Appelez le magasin le plus proche pour v\u00e9rifier la disponibilit\u00e9 en stock !<\/p>\t\t\t\t\t\t\t\t<\/div>\n\t\t\t\t<\/div>\n\t\t\t\t<div class=\"elementor-element elementor-element-0ae571e elementor-widget elementor-widget-wp-widget-wpgmza_map_widget\" data-id=\"0ae571e\" data-element_type=\"widget\" data-e-type=\"widget\" data-widget_type=\"wp-widget-wpgmza_map_widget.default\">\n\t\t\t\t<div class=\"elementor-widget-container\">\n\t\t\t\t\t<h5>Find your store<\/h5><div class=\"wpgmza-standalone-component\" style=\"width:100%; max-width:100%;\" ><div data-wpgmza-table data-wpgmza-php-class=\"WPGMZA\\MarkerListing\\AdvancedTable\" data-wpgmza-rest-api-route=\"\/datatables\/\" data-wpgmza-datatable=\"true\" data-wpgmza-pro-datatable=\"true\" data-wpgmza-feature-type=\"marker\" data-order-json=\"[[1,&quot;asc&quot;]]\" id=\"wpgmza_marker_holder_1\" class=\"wpgmza_marker_holder\" style=\"width:100%;\" data-wpgmza-ajax-parameters=\"{&quot;map_id&quot;:1}\">\n\t\t\t<table class=\"responsive wpgmza_table\" id=\"wpgmza_table_1\" cellspacing=\"0\" cellpadding=\"0\" style=\"width:100%;\">\n\t\t\t\t<thead>\n\t\t\t\t<th data-wpgmza-column-name=\"icon\" id=\"wpgmza_map_list_icon\" class=\"wpgmza_table_marker\"><\/th><th data-wpgmza-column-name=\"title\" id=\"wpgmza_map_list_title\" class=\"all wpgmza_table_title\">Title<\/th><th data-wpgmza-column-name=\"category\" id=\"wpgmza_map_list_category\" class=\"wpgmza_table_category\">Category<\/th><th data-wpgmza-column-name=\"address\" id=\"wpgmza_map_list_address\" class=\"wpgmza_table_address\">Address<\/th><th data-wpgmza-column-name=\"description\" id=\"wpgmza_map_list_description\" class=\"wpgmza_table_description\">Description<\/th><th data-wpgmza-column-name=\"link\" id=\"wpgmza_map_list_link\" class=\"wpgmza_table_link\">Link<\/th><\/thead>\n\t\t\t\t\n\t\t\t<\/table>\n\t\t<\/div><\/div><div id=\"wpgmza_map_1\" class=\"wpgmza_map\" style=\"display:block;width:100%;height:770px;overflow:hidden;position:relative;\" data-map-id=\"1\" data-maps-engine=\"google-maps\" data-build-engine=\"atlas-novus\" data-shortcode-attributes=\"{&quot;id&quot;:&quot;1&quot;,&quot;zoom&quot;:false,&quot;width&quot;:false,&quot;height&quot;:false,&quot;marker&quot;:false,&quot;classname&quot;:false,&quot;mashup&quot;:false,&quot;mashup_ids&quot;:false,&quot;cat&quot;:false,&quot;type&quot;:&quot;default&quot;,&quot;parent_id&quot;:false,&quot;lat&quot;:false,&quot;lng&quot;:false,&quot;mark_center&quot;:false,&quot;enable_category&quot;:false,&quot;directions_from&quot;:false,&quot;directions_to&quot;:false,&quot;directions_waypoints&quot;:false,&quot;directions_auto&quot;:false,&quot;disable_vgm_form&quot;:false,&quot;redirect_to&quot;:false}\" data-settings=\"{&quot;map_title&quot;:&quot;My first map&quot;,&quot;map_width&quot;:&quot;100&quot;,&quot;map_height&quot;:&quot;770&quot;,&quot;map_start_lat&quot;:&quot;46.8422279&quot;,&quot;map_start_lng&quot;:&quot;-71.34404973417969&quot;,&quot;map_start_location&quot;:&quot;45.950464398418106,-109.81550500000003&quot;,&quot;map_start_zoom&quot;:&quot;12&quot;,&quot;default_marker&quot;:&quot;https:\\\/\\\/kayanouquebec.ca\\\/wp-content\\\/uploads\\\/wp-google-maps\\\/icons\\\/68c2c529024307-14878160.png&quot;,&quot;type&quot;:&quot;1&quot;,&quot;alignment&quot;:&quot;4&quot;,&quot;directions_enabled&quot;:&quot;0&quot;,&quot;styling_enabled&quot;:&quot;0&quot;,&quot;styling_json&quot;:&quot;&quot;,&quot;active&quot;:&quot;0&quot;,&quot;kml&quot;:&quot;&quot;,&quot;bicycle&quot;:&quot;0&quot;,&quot;traffic&quot;:&quot;0&quot;,&quot;dbox&quot;:&quot;1&quot;,&quot;dbox_width&quot;:&quot;&quot;,&quot;listmarkers&quot;:&quot;0&quot;,&quot;listmarkers_advanced&quot;:&quot;0&quot;,&quot;filterbycat&quot;:&quot;0&quot;,&quot;ugm_enabled&quot;:&quot;0&quot;,&quot;ugm_category_enabled&quot;:&quot;0&quot;,&quot;fusion&quot;:&quot;&quot;,&quot;map_width_type&quot;:&quot;%&quot;,&quot;map_height_type&quot;:&quot;px&quot;,&quot;mass_marker_support&quot;:&quot;0&quot;,&quot;ugm_access&quot;:&quot;0&quot;,&quot;order_markers_by&quot;:&quot;2&quot;,&quot;order_markers_choice&quot;:&quot;1&quot;,&quot;show_user_location&quot;:&quot;0&quot;,&quot;default_to&quot;:&quot;&quot;,&quot;map_type&quot;:1,&quot;sl_stroke_color&quot;:&quot;#ffffff&quot;,&quot;sl_fill_color&quot;:&quot;#ffffff&quot;,&quot;sl_stroke_opacity&quot;:&quot;&quot;,&quot;sl_fill_opacity&quot;:&quot;&quot;,&quot;transport_layer&quot;:false,&quot;action&quot;:&quot;wpgmza_save_map&quot;,&quot;redirect_to&quot;:&quot;\\\/wp-admin\\\/admin-post.php&quot;,&quot;map_id&quot;:&quot;1&quot;,&quot;wpgmza_savemap&quot;:&quot;Save Map&quot;,&quot;http_referer&quot;:&quot;\\\/wp-admin\\\/admin.php?page=wp-google-maps-menu&amp;amp;action=edit&amp;amp;map_id=1&quot;,&quot;wpgmza_id&quot;:&quot;1&quot;,&quot;wpgmza_start_location&quot;:&quot;46.8422279,-71.34404973417969&quot;,&quot;wpgmza_start_zoom&quot;:&quot;12&quot;,&quot;wpgmza_map_align&quot;:&quot;4&quot;,&quot;store_locator_enabled&quot;:false,&quot;store_locator_distance&quot;:false,&quot;store_locator_search_area&quot;:&quot;auto&quot;,&quot;wpgmza_store_locator_default_radius&quot;:&quot;5&quot;,&quot;store_locator_auto_area_max_zoom&quot;:&quot;21&quot;,&quot;wpgmza_store_locator_radius_style&quot;:&quot;legacy&quot;,&quot;store_locator_component_anchor&quot;:&quot;1&quot;,&quot;wpgmza_store_locator_bounce&quot;:false,&quot;wpgmza_sl_animation&quot;:&quot;2&quot;,&quot;store_locator_query_string&quot;:&quot;Code Postal\\\/Adresse:&quot;,&quot;store_locator_location_placeholder&quot;:&quot;Trouvez un magasin&quot;,&quot;store_locator_default_address&quot;:&quot;Entrez une adresse&quot;,&quot;store_locator_name_search&quot;:true,&quot;store_locator_name_string&quot;:&quot;Recherche de magasin&quot;,&quot;store_locator_not_found_message&quot;:&quot;Aucun r\\u00e9sultat&quot;,&quot;store_locator_show_distance&quot;:true,&quot;store_locator_category&quot;:false,&quot;wpgmza_store_locator_use_their_location&quot;:true,&quot;wpgmza_store_locator_hide_before_search&quot;:false,&quot;store_locator_nearby_searches&quot;:true,&quot;wpgmza_ol_tile_filter&quot;:&quot;none&quot;,&quot;wpgmza_theme_data&quot;:&quot;[{\\&quot;featureType\\&quot;: \\&quot;administrative\\&quot;,\\&quot;elementType\\&quot;: \\&quot;labels.text.fill\\&quot;,\\&quot;stylers\\&quot;: [{\\&quot;color\\&quot;: \\&quot;#444444\\&quot;}]},{\\&quot;featureType\\&quot;: \\&quot;landscape\\&quot;,\\&quot;elementType\\&quot;: \\&quot;all\\&quot;,\\&quot;stylers\\&quot;: [{\\&quot;color\\&quot;: \\&quot;#f2f2f2\\&quot;}]},{\\&quot;featureType\\&quot;: \\&quot;poi\\&quot;,\\&quot;elementType\\&quot;: \\&quot;all\\&quot;,\\&quot;stylers\\&quot;: [{\\&quot;visibility\\&quot;: \\&quot;off\\&quot;}]},{\\&quot;featureType\\&quot;: \\&quot;road\\&quot;,\\&quot;elementType\\&quot;: \\&quot;all\\&quot;,\\&quot;stylers\\&quot;: [{\\&quot;saturation\\&quot;: -100},{\\&quot;lightness\\&quot;: 45}]},{\\&quot;featureType\\&quot;: \\&quot;road.highway\\&quot;,\\&quot;elementType\\&quot;: \\&quot;all\\&quot;,\\&quot;stylers\\&quot;: [{\\&quot;visibility\\&quot;: \\&quot;simplified\\&quot;}]},{\\&quot;featureType\\&quot;: \\&quot;road.arterial\\&quot;,\\&quot;elementType\\&quot;: \\&quot;labels.icon\\&quot;,\\&quot;stylers\\&quot;: [{\\&quot;visibility\\&quot;: \\&quot;off\\&quot;}]},{\\&quot;featureType\\&quot;: \\&quot;transit\\&quot;,\\&quot;elementType\\&quot;: \\&quot;all\\&quot;,\\&quot;stylers\\&quot;: [{\\&quot;visibility\\&quot;: \\&quot;off\\&quot;}]},{\\&quot;featureType\\&quot;: \\&quot;water\\&quot;,\\&quot;elementType\\&quot;: \\&quot;all\\&quot;,\\&quot;stylers\\&quot;: [{\\&quot;color\\&quot;: \\&quot;#46bcec\\&quot;},{\\&quot;visibility\\&quot;: \\&quot;on\\&quot;}]}]&quot;,&quot;custom_tile_enabled&quot;:false,&quot;custom_tile_image&quot;:&quot;&quot;,&quot;custom_tile_image_width&quot;:&quot;&quot;,&quot;custom_tile_image_height&quot;:&quot;&quot;,&quot;custom_tile_image_attribution&quot;:&quot;&quot;,&quot;iw_primary_color&quot;:&quot;#000000&quot;,&quot;iw_accent_color&quot;:&quot;#000000&quot;,&quot;iw_text_color&quot;:&quot;#000000&quot;,&quot;close_infowindow_on_map_click&quot;:false,&quot;marker_share_links&quot;:true,&quot;wpgmza_listmarkers_by&quot;:&quot;2&quot;,&quot;marker_listing_component_anchor&quot;:&quot;9&quot;,&quot;marker_listing_component_auto_open&quot;:false,&quot;category_filter_component_anchor&quot;:&quot;0&quot;,&quot;zoom_level_on_marker_listing_override&quot;:false,&quot;zoom_level_on_marker_listing_click&quot;:&quot;&quot;,&quot;marker_listing_disable_zoom&quot;:false,&quot;dataTable_pagination_style&quot;:&quot;default&quot;,&quot;datatable_no_result_message&quot;:&quot;&quot;,&quot;remove_search_box_datables&quot;:false,&quot;datatable_search_string&quot;:&quot;&quot;,&quot;datatable_result_start&quot;:&quot;&quot;,&quot;datatable_result_of&quot;:&quot;&quot;,&quot;datatable_result_to&quot;:&quot;&quot;,&quot;datatable_result_total&quot;:&quot;&quot;,&quot;datatable_result_show&quot;:&quot;&quot;,&quot;datatable_result_entries&quot;:&quot;&quot;,&quot;category_legends_enabled&quot;:false,&quot;category_legends_component_anchor&quot;:&quot;8&quot;,&quot;jump_to_nearest_marker_on_initialization&quot;:true,&quot;click_open_link&quot;:false,&quot;wpgmza_zoom_on_marker_click&quot;:false,&quot;wpgmza_zoom_on_marker_click_slider&quot;:&quot;&quot;,&quot;enable_marker_labels&quot;:false,&quot;polygon_labels&quot;:false,&quot;disable_polygon_info_windows&quot;:false,&quot;fit_maps_bounds_to_markers&quot;:false,&quot;fit_maps_bounds_to_markers_after_filtering&quot;:false,&quot;automatically_pan_to_users_location&quot;:false,&quot;override_users_location_zoom_level&quot;:false,&quot;override_users_location_zoom_levels&quot;:&quot;&quot;,&quot;show_distance_from_location&quot;:false,&quot;map_starts_in_streetview&quot;:false,&quot;map_starts_in_streetview_location&quot;:&quot;&quot;,&quot;map_starts_in_streetview_heading&quot;:&quot;&quot;,&quot;map_starts_in_streetview_pitch&quot;:&quot;&quot;,&quot;map_max_zoom&quot;:&quot;21&quot;,&quot;map_min_zoom&quot;:&quot;0&quot;,&quot;zoom_level_mobile_override_enabled&quot;:false,&quot;zoom_level_mobile_override&quot;:&quot;&quot;,&quot;hide_point_of_interest&quot;:false,&quot;disable_lightbox_images&quot;:false,&quot;use_Raw_Jpeg_Coordinates&quot;:false,&quot;enable_marker_ratings&quot;:false,&quot;only_load_markers_within_viewport&quot;:false,&quot;upload_default_sl_marker&quot;:&quot;&quot;,&quot;upload_default_sl_marker_retina&quot;:false,&quot;wpgmza_store_locator_restrict&quot;:&quot;ca&quot;,&quot;directions_box_component_anchor&quot;:&quot;1&quot;,&quot;wpgmza_dbox_width_type&quot;:&quot;%&quot;,&quot;default_from&quot;:&quot;&quot;,&quot;directions_behaviour&quot;:&quot;default&quot;,&quot;force_google_directions_app&quot;:true,&quot;directions_route_origin_icon&quot;:&quot;https:\\\/\\\/kayanouquebec.ca\\\/wp-content\\\/plugins\\\/wp-google-maps\\\/images\\\/spotlight-poi3.png&quot;,&quot;directions_origin_retina&quot;:false,&quot;directions_route_destination_icon&quot;:&quot;https:\\\/\\\/kayanouquebec.ca\\\/wp-content\\\/plugins\\\/wp-google-maps\\\/images\\\/spotlight-poi3.png&quot;,&quot;directions_destination_retina&quot;:false,&quot;directions_route_stroke_color&quot;:&quot;#4d8df5&quot;,&quot;directions_route_stroke_weight&quot;:&quot;4&quot;,&quot;directions_route_stroke_opacity&quot;:&quot;0.8&quot;,&quot;directions_fit_bounds_to_route&quot;:false,&quot;upload_default_ul_marker&quot;:&quot;&quot;,&quot;upload_default_ul_marker_retina&quot;:false,&quot;retina&quot;:false,&quot;enable_advanced_custom_fields_integration&quot;:false,&quot;enable_advanced_custom_fields_integration_type&quot;:&quot;&quot;,&quot;enable_toolset_woocommerce_integration&quot;:false,&quot;enable_woo_product_integration&quot;:false,&quot;wpgmza_iw_type&quot;:&quot;0&quot;,&quot;store_locator_button_style&quot;:&quot;&quot;,&quot;iw_anchor_panel_card&quot;:&quot;7&quot;,&quot;marker_listing_nudge_marker_center&quot;:false,&quot;marker_listing_nudge_x&quot;:&quot;&quot;,&quot;marker_listing_nudge_y&quot;:&quot;&quot;,&quot;category_filter_label_string&quot;:&quot;&quot;,&quot;category_legends_style&quot;:&quot;&quot;,&quot;category_legends_label_string&quot;:&quot;&quot;,&quot;shape_filtering&quot;:false,&quot;restrict_map_bounds&quot;:false,&quot;restrict_boundary_corner_a&quot;:&quot;&quot;,&quot;restrict_boundary_corner_b&quot;:&quot;&quot;,&quot;enable_user_location_control&quot;:false,&quot;enable_map_reset_control&quot;:false,&quot;map_dimensions_mobile_override_enabled&quot;:false,&quot;map_mobile_width&quot;:&quot;100&quot;,&quot;map_mobile_width_type&quot;:&quot;%&quot;,&quot;map_mobile_height&quot;:&quot;200&quot;,&quot;map_mobile_height_type&quot;:&quot;px&quot;,&quot;lazyload_info_window_content&quot;:false,&quot;id&quot;:1}\" ><\/div>\t\t\t\t<\/div>\n\t\t\t\t<\/div>\n\t\t\t\t\t<\/div>\n\t\t\t\t<\/div>\n\t\t<div class=\"elementor-element elementor-element-87eed9b elementor-hidden-desktop elementor-hidden-tablet elementor-hidden-mobile e-flex e-con-boxed e-con e-parent\" data-id=\"87eed9b\" data-element_type=\"container\" data-e-type=\"container\">\n\t\t\t\t\t<div class=\"e-con-inner\">\n\t\t\t\t<div class=\"elementor-element elementor-element-2cef472 e-n-tabs-mobile elementor-widget elementor-widget-n-tabs\" data-id=\"2cef472\" data-element_type=\"widget\" data-e-type=\"widget\" data-widget_type=\"nested-tabs.default\">\n\t\t\t\t<div class=\"elementor-widget-container\">\n\t\t\t\t\t\t\t<div class=\"e-n-tabs\" data-widget-number=\"47117426\" aria-label=\"Tabs. Open items with Enter or Space, close with Escape and navigate using the Arrow keys.\">\n\t\t\t<div class=\"e-n-tabs-heading\" role=\"tablist\">\n\t\t\t\t\t<button id=\"e-n-tab-title-471174261\" data-tab-title-id=\"e-n-tab-title-471174261\" class=\"e-n-tab-title\" aria-selected=\"true\" data-tab-index=\"1\" role=\"tab\" tabindex=\"0\" aria-controls=\"e-n-tab-content-471174261\" style=\"--n-tabs-title-order: 1;\">\n\t\t\t\t\t<span class=\"e-n-tab-icon\">\n\t\t\t<i aria-hidden=\"true\" class=\"fas fa-map-marker-alt\"><\/i>\t\t\t<i aria-hidden=\"true\" class=\"fas fa-map-marker-alt\"><\/i>\t\t<\/span>\n\t\t\t\t\t<span class=\"e-n-tab-title-text\">\n\t\t\t\tCarotte Joyeuse \u00c9picerie Sant\u00e9 <br>690 Rue Saint-Jean, Qu\u00e9bec, QC G1R 1P8\t\t\t<\/span>\n\t\t<\/button>\n\t\t\t\t<button id=\"e-n-tab-title-471174262\" data-tab-title-id=\"e-n-tab-title-471174262\" class=\"e-n-tab-title\" aria-selected=\"false\" data-tab-index=\"2\" role=\"tab\" tabindex=\"-1\" aria-controls=\"e-n-tab-content-471174262\" style=\"--n-tabs-title-order: 2;\">\n\t\t\t\t\t<span class=\"e-n-tab-icon\">\n\t\t\t<i aria-hidden=\"true\" class=\"fas fa-map-marker-alt\"><\/i>\t\t\t<i aria-hidden=\"true\" class=\"fas fa-map-marker-alt\"><\/i>\t\t<\/span>\n\t\t\t\t\t<span class=\"e-n-tab-title-text\">\n\t\t\t\t\u00c9picerie Calebasse<br> 969 Av. Myrand, QC G1V 2T6\t\t\t<\/span>\n\t\t<\/button>\n\t\t\t\t<button id=\"e-n-tab-title-471174263\" data-tab-title-id=\"e-n-tab-title-471174263\" class=\"e-n-tab-title\" aria-selected=\"false\" data-tab-index=\"3\" role=\"tab\" tabindex=\"-1\" aria-controls=\"e-n-tab-content-471174263\" style=\"--n-tabs-title-order: 3;\">\n\t\t\t\t\t<span class=\"e-n-tab-icon\">\n\t\t\t<i aria-hidden=\"true\" class=\"fas fa-map-marker-alt\"><\/i>\t\t\t<i aria-hidden=\"true\" class=\"fas fa-map-marker-alt\"><\/i>\t\t<\/span>\n\t\t\t\t\t<span class=\"e-n-tab-title-text\">\n\t\t\t\t\u00c9picerie Kabowd <br>300 Bd Pierre-Bertrand, Qu\u00e9bec, QC G1M 2C6\t\t\t<\/span>\n\t\t<\/button>\n\t\t\t\t<button id=\"e-n-tab-title-471174264\" data-tab-title-id=\"e-n-tab-title-471174264\" class=\"e-n-tab-title\" aria-selected=\"false\" data-tab-index=\"4\" role=\"tab\" tabindex=\"-1\" aria-controls=\"e-n-tab-content-471174264\" style=\"--n-tabs-title-order: 4;\">\n\t\t\t\t\t<span class=\"e-n-tab-icon\">\n\t\t\t<i aria-hidden=\"true\" class=\"fas fa-map-marker-alt\"><\/i>\t\t\t<i aria-hidden=\"true\" class=\"fas fa-map-marker-alt\"><\/i>\t\t<\/span>\n\t\t\t\t\t<span class=\"e-n-tab-title-text\">\n\t\t\t\tFabrik Locale by BWM<br>Porte 5- 1 \u00c9tage <br>7999 Bd des Galeries d'Anjou, Montr\u00e9al, QC H1M 1W9\t\t\t<\/span>\n\t\t<\/button>\n\t\t\t\t<button id=\"e-n-tab-title-471174265\" data-tab-title-id=\"e-n-tab-title-471174265\" class=\"e-n-tab-title\" aria-selected=\"false\" data-tab-index=\"5\" role=\"tab\" tabindex=\"-1\" aria-controls=\"e-n-tab-content-471174265\" style=\"--n-tabs-title-order: 5;\">\n\t\t\t\t\t<span class=\"e-n-tab-icon\">\n\t\t\t<i aria-hidden=\"true\" class=\"fas fa-map-marker-alt\"><\/i>\t\t\t<i aria-hidden=\"true\" class=\"fas fa-map-marker-alt\"><\/i>\t\t<\/span>\n\t\t\t\t\t<span class=\"e-n-tab-title-text\">\n\t\t\t\t\u00c9picerie Rose  <br>66 Rue Beausoleil, Saint-Gabriel-de-Brandon, QC J0K 2N0\t\t\t<\/span>\n\t\t<\/button>\n\t\t\t\t\t<\/div>\n\t\t\t<div class=\"e-n-tabs-content\">\n\t\t\t\t<div id=\"e-n-tab-content-471174261\" role=\"tabpanel\" aria-labelledby=\"e-n-tab-title-471174261\" data-tab-index=\"1\" style=\"--n-tabs-title-order: 1;\" class=\"e-active elementor-element elementor-element-727242d e-con-full e-flex e-con e-child\" data-id=\"727242d\" data-element_type=\"container\" data-e-type=\"container\">\n\t\t<div class=\"elementor-element elementor-element-81ec60a e-flex e-con-boxed e-con e-child\" data-id=\"81ec60a\" data-element_type=\"container\" data-e-type=\"container\">\n\t\t\t\t\t<div class=\"e-con-inner\">\n\t\t\t\t<div class=\"elementor-element elementor-element-b8ad4bf elementor-widget elementor-widget-google_maps\" data-id=\"b8ad4bf\" data-element_type=\"widget\" data-e-type=\"widget\" data-widget_type=\"google_maps.default\">\n\t\t\t\t<div class=\"elementor-widget-container\">\n\t\t\t\t\t\t\t<div class=\"elementor-custom-embed\">\n\t\t\t<iframe loading=\"lazy\"\n\t\t\t\t\tsrc=\"https:\/\/www.google.com\/maps\/embed\/v1\/place?key=AIzaSyAQqmoZAv40yZYQ1coMik25RBOil1SFd84&#038;q=690%20Rue%20Saint-Jean%2C%20Qu%C3%A9bec%2C%20QC%20G1R%201P8&#038;zoom=17\"\n\t\t\t\t\ttitle=\"690 Rue Saint-Jean, Qu\u00e9bec, QC G1R 1P8\"\n\t\t\t\t\taria-label=\"690 Rue Saint-Jean, Qu\u00e9bec, QC G1R 1P8\"\n\t\t\t><\/iframe>\n\t\t<\/div>\n\t\t\t\t\t\t<\/div>\n\t\t\t\t<\/div>\n\t\t\t\t\t<\/div>\n\t\t\t\t<\/div>\n\t\t\t\t<\/div>\n\t\t<div id=\"e-n-tab-content-471174262\" role=\"tabpanel\" aria-labelledby=\"e-n-tab-title-471174262\" data-tab-index=\"2\" style=\"--n-tabs-title-order: 2;\" class=\" elementor-element elementor-element-ad1214e e-con-full e-flex e-con e-child\" data-id=\"ad1214e\" data-element_type=\"container\" data-e-type=\"container\">\n\t\t\t\t<div class=\"elementor-element elementor-element-03d7eba elementor-widget elementor-widget-google_maps\" data-id=\"03d7eba\" data-element_type=\"widget\" data-e-type=\"widget\" data-widget_type=\"google_maps.default\">\n\t\t\t\t<div class=\"elementor-widget-container\">\n\t\t\t\t\t\t\t<div class=\"elementor-custom-embed\">\n\t\t\t<iframe loading=\"lazy\"\n\t\t\t\t\tsrc=\"https:\/\/www.google.com\/maps\/embed\/v1\/place?key=AIzaSyAQqmoZAv40yZYQ1coMik25RBOil1SFd84&#038;q=%20969%20Av.%20Myrand%2C%20QC%20G1V%202T6&#038;zoom=17\"\n\t\t\t\t\ttitle=\" 969 Av. Myrand, QC G1V 2T6\"\n\t\t\t\t\taria-label=\" 969 Av. Myrand, QC G1V 2T6\"\n\t\t\t><\/iframe>\n\t\t<\/div>\n\t\t\t\t\t\t<\/div>\n\t\t\t\t<\/div>\n\t\t\t\t<\/div>\n\t\t<div id=\"e-n-tab-content-471174263\" role=\"tabpanel\" aria-labelledby=\"e-n-tab-title-471174263\" data-tab-index=\"3\" style=\"--n-tabs-title-order: 3;\" class=\" elementor-element elementor-element-ffe043c e-con-full e-flex e-con e-child\" data-id=\"ffe043c\" data-element_type=\"container\" data-e-type=\"container\">\n\t\t\t\t<div class=\"elementor-element elementor-element-29668e1 elementor-widget elementor-widget-google_maps\" data-id=\"29668e1\" data-element_type=\"widget\" data-e-type=\"widget\" data-widget_type=\"google_maps.default\">\n\t\t\t\t<div class=\"elementor-widget-container\">\n\t\t\t\t\t\t\t<div class=\"elementor-custom-embed\">\n\t\t\t<iframe loading=\"lazy\"\n\t\t\t\t\tsrc=\"https:\/\/www.google.com\/maps\/embed\/v1\/place?key=AIzaSyAQqmoZAv40yZYQ1coMik25RBOil1SFd84&#038;q=300%20Bd%20Pierre-Bertrand%2C%20Qu%C3%A9bec%2C%20QC%20G1M%202C6&#038;zoom=17\"\n\t\t\t\t\ttitle=\"300 Bd Pierre-Bertrand, Qu\u00e9bec, QC G1M 2C6\"\n\t\t\t\t\taria-label=\"300 Bd Pierre-Bertrand, Qu\u00e9bec, QC G1M 2C6\"\n\t\t\t><\/iframe>\n\t\t<\/div>\n\t\t\t\t\t\t<\/div>\n\t\t\t\t<\/div>\n\t\t\t\t<\/div>\n\t\t<div id=\"e-n-tab-content-471174264\" role=\"tabpanel\" aria-labelledby=\"e-n-tab-title-471174264\" data-tab-index=\"4\" style=\"--n-tabs-title-order: 4;\" class=\" elementor-element elementor-element-edb17b4 e-con-full e-flex e-con e-child\" data-id=\"edb17b4\" data-element_type=\"container\" data-e-type=\"container\">\n\t\t<div class=\"elementor-element elementor-element-bf1a20b e-flex e-con-boxed e-con e-child\" data-id=\"bf1a20b\" data-element_type=\"container\" data-e-type=\"container\">\n\t\t\t\t\t<div class=\"e-con-inner\">\n\t\t\t\t<div class=\"elementor-element elementor-element-3805bad elementor-widget elementor-widget-google_maps\" data-id=\"3805bad\" data-element_type=\"widget\" data-e-type=\"widget\" data-widget_type=\"google_maps.default\">\n\t\t\t\t<div class=\"elementor-widget-container\">\n\t\t\t\t\t\t\t<div class=\"elementor-custom-embed\">\n\t\t\t<iframe loading=\"lazy\"\n\t\t\t\t\tsrc=\"https:\/\/www.google.com\/maps\/embed\/v1\/place?key=AIzaSyAQqmoZAv40yZYQ1coMik25RBOil1SFd84&#038;q=690%20Rue%20Saint-Jean%2C%20Qu%C3%A9bec%2C%20QC%207999%20Bd%20des%20Galeries%20d%27Anjou%2C%20Montr%C3%A9al%2C%20QC%20H1M%201W91P8&#038;zoom=17\"\n\t\t\t\t\ttitle=\"690 Rue Saint-Jean, Qu\u00e9bec, QC 7999 Bd des Galeries d&#039;Anjou, Montr\u00e9al, QC H1M 1W91P8\"\n\t\t\t\t\taria-label=\"690 Rue Saint-Jean, Qu\u00e9bec, QC 7999 Bd des Galeries d&#039;Anjou, Montr\u00e9al, QC H1M 1W91P8\"\n\t\t\t><\/iframe>\n\t\t<\/div>\n\t\t\t\t\t\t<\/div>\n\t\t\t\t<\/div>\n\t\t\t\t\t<\/div>\n\t\t\t\t<\/div>\n\t\t\t\t<\/div>\n\t\t<div id=\"e-n-tab-content-471174265\" role=\"tabpanel\" aria-labelledby=\"e-n-tab-title-471174265\" data-tab-index=\"5\" style=\"--n-tabs-title-order: 5;\" class=\" elementor-element elementor-element-30dcb11 e-con-full e-flex e-con e-child\" data-id=\"30dcb11\" data-element_type=\"container\" data-e-type=\"container\">\n\t\t\t\t<div class=\"elementor-element elementor-element-1decd7d elementor-widget elementor-widget-google_maps\" data-id=\"1decd7d\" data-element_type=\"widget\" data-e-type=\"widget\" data-widget_type=\"google_maps.default\">\n\t\t\t\t<div class=\"elementor-widget-container\">\n\t\t\t\t\t\t\t<div class=\"elementor-custom-embed\">\n\t\t\t<iframe loading=\"lazy\"\n\t\t\t\t\tsrc=\"https:\/\/www.google.com\/maps\/embed\/v1\/place?key=AIzaSyAQqmoZAv40yZYQ1coMik25RBOil1SFd84&#038;q=66%20Rue%20Beausoleil%2C%20Saint-Gabriel-de-Brandon%2C%20QC%20J0K%202N0&#038;zoom=17\"\n\t\t\t\t\ttitle=\"66 Rue Beausoleil, Saint-Gabriel-de-Brandon, QC J0K 2N0\"\n\t\t\t\t\taria-label=\"66 Rue Beausoleil, Saint-Gabriel-de-Brandon, QC J0K 2N0\"\n\t\t\t><\/iframe>\n\t\t<\/div>\n\t\t\t\t\t\t<\/div>\n\t\t\t\t<\/div>\n\t\t\t\t<\/div>\n\t\t\t\t\t<\/div>\n\t\t<\/div>\n\t\t\t\t\t\t<\/div>\n\t\t\t\t<\/div>\n\t\t\t\t\t<\/div>\n\t\t\t\t<\/div>\n\t\t\t\t<\/div>\n\t\t","protected":false},"excerpt":{"rendered":"<p>Nos Partenaires D\u00e9couvrez nos produits dans ces points de vente. Vous cherchez quelque chose de pr\u00e9cis ? Appelez le magasin le plus proche pour v\u00e9rifier la disponibilit\u00e9 en stock ! Carotte Joyeuse \u00c9picerie Sant\u00e9 690 Rue Saint-Jean, Qu\u00e9bec, QC G1R 1P8 \u00c9picerie Calebasse 969 Av. Myrand, QC G1V 2T6 \u00c9picerie Kabowd 300 Bd Pierre-Bertrand, Qu\u00e9bec, [&hellip;]<\/p>\n","protected":false},"author":1,"featured_media":0,"parent":0,"menu_order":0,"comment_status":"closed","ping_status":"closed","template":"","meta":{"_acf_changed":false,"nf_dc_page":"","wprm-recipe-roundup-name":"","wprm-recipe-roundup-description":"","footnotes":""},"class_list":["post-418","page","type-page","status-publish","hentry"],"acf":[],"_links":{"self":[{"href":"https:\/\/kayanouquebec.ca\/en\/wp-json\/wp\/v2\/pages\/418","targetHints":{"allow":["GET"]}}],"collection":[{"href":"https:\/\/kayanouquebec.ca\/en\/wp-json\/wp\/v2\/pages"}],"about":[{"href":"https:\/\/kayanouquebec.ca\/en\/wp-json\/wp\/v2\/types\/page"}],"author":[{"embeddable":true,"href":"https:\/\/kayanouquebec.ca\/en\/wp-json\/wp\/v2\/users\/1"}],"replies":[{"embeddable":true,"href":"https:\/\/kayanouquebec.ca\/en\/wp-json\/wp\/v2\/comments?post=418"}],"version-history":[{"count":46,"href":"https:\/\/kayanouquebec.ca\/en\/wp-json\/wp\/v2\/pages\/418\/revisions"}],"predecessor-version":[{"id":1453,"href":"https:\/\/kayanouquebec.ca\/en\/wp-json\/wp\/v2\/pages\/418\/revisions\/1453"}],"wp:attachment":[{"href":"https:\/\/kayanouquebec.ca\/en\/wp-json\/wp\/v2\/media?parent=418"}],"curies":[{"name":"wp","href":"https:\/\/api.w.org\/{rel}","templated":true}]}}