{"id":1001,"date":"2024-04-21T02:03:09","date_gmt":"2024-04-21T02:03:09","guid":{"rendered":"https:\/\/kayanouquebec.ca\/?post_type=product&#038;p=1001"},"modified":"2026-04-28T09:09:22","modified_gmt":"2026-04-28T09:09:22","slug":"trio-marinades","status":"publish","type":"product","link":"https:\/\/kayanouquebec.ca\/en\/product\/trio-marinades\/","title":{"rendered":"Mini Trio Marinades"},"content":{"rendered":"<p>Notre mini trio marinades contient:<\/p>\n<p><strong>Curcuma-Gingembre (105ML)\u00a0<\/strong><\/p>\n<p>aussi disponible en grand format <a href=\"https:\/\/kayanouquebec.ca\/en\/product\/curcuma-gingembre\/\">ici<\/a><\/p>\n<p>Notre marinade curcuma-gingembre est le m\u00e9lange parfait d&#8217;herbes d\u00e9licates, de gingembre blanc, de curcuma et d&#8217;oignons. En d&#8217;autres termes, vous d\u00e9couvrirez toute la fra\u00eecheur et la profondeur de notre marinade curcuma-gingembre.\u00a0 \u00c9veillez vos papilles avec enthousiasme!<\/p>\n<h3>Ingr\u00e9dients:<\/h3>\n<p>Huile d&#8217;olive, oignons, ail, cumin, curcuma, gingembre, vinaigre, herbes fraiches, autres \u00e9pice.<\/p>\n<p>&nbsp;<\/p>\n<p><strong>Poivrons Grill\u00e9s (105ML)<\/strong><\/p>\n<p>aussi disponible en grand format <a href=\"https:\/\/kayanouquebec.ca\/en\/product\/poivrons-grilles\/\">ici<\/a><\/p>\n<p>Marinade poivrons grill\u00e9s, nous avons s\u00e9lectionn\u00e9 les meilleurs ingr\u00e9dients pour changer votre fa\u00e7on de penser au saut\u00e9 de l\u00e9gumes. Avec des poivrons grill\u00e9s \u00e0 la perfection, de l&#8217;huile d&#8217;olive 100% vierge et des herbes fra\u00eeches, cette marinade gourmet rehausse chaque repas.<\/p>\n<h3><strong>Ingr\u00e9dients:<\/strong><\/h3>\n<p>Huile d&#8217;olive, poivrons grill\u00e9s, ognions, ail, cumin, tomates, vinaigres, basilic, herbes fraiches et autres \u00e9pices.<\/p>\n<p>&nbsp;<\/p>\n<p><strong>Saveur Cr\u00e9ole (105ML)<\/strong><\/p>\n<p>aussi disponible en grand format <a href=\"https:\/\/kayanouquebec.ca\/en\/product\/saveur-creole\/\">ici<\/a><\/p>\n<p>Avec la marinade Saveur Cr\u00e9ole tranformez nos\u00a0 d\u00eeners ennuyeux en une soir\u00e9e sous les tropiques. Kayanou Qu\u00e9bec, le go\u00fbt de chez nous.<\/p>\n<p>Avec la marinade Saveur Cr\u00e9ole, nous avons d\u00e9cid\u00e9 de cr\u00e9er une marinade excitante qui se concentre sur la saveur et donne un coup de pied nuanc\u00e9 \u00e0 vos papilles. Ce m\u00e9lange de tomates m\u00fbres, d&#8217;herbes d\u00e9licates, d&#8217;oignons et d&#8217;une g\u00e9n\u00e9reuse dose d&#8217;ail transforme les d\u00eeners ennuyeux en une soir\u00e9e sous les tropiques.<\/p>\n<p>&nbsp;<\/p>\n<h4>Ingr\u00e9dients:<\/h4>\n<p><span class=\"WdYUQQ text-decoration-none text-strikethrough-none\">Huile d\u2019olive, oignons, tomates,<\/span> <span class=\"WdYUQQ text-decoration-none text-strikethrough-none\">ail, cumin, vinaigre, girofle, herbes fraiches et autres \u00e9pices.<\/span><\/p>","protected":false},"excerpt":{"rendered":"<p>Notre trio d\u00e9couverte (3 saveurs de 105ML chacun) est un \u00e9veille\u00a0 pour vos papilles.<\/p>\n<p>Saveur Cr\u00e9ole, Curcuma-Gingembre et Poivrons Grill\u00e9s<\/p>\n<p>essayez-les sans plus tarder<\/p>","protected":false},"featured_media":1002,"comment_status":"open","ping_status":"closed","template":"","meta":{"_acf_changed":false,"nf_dc_page":"","wprm-recipe-roundup-name":"","wprm-recipe-roundup-description":""},"product_brand":[],"product_cat":[37],"product_tag":[110,24,104,106,107,103,102,105,108,109],"class_list":{"0":"post-1001","1":"product","2":"type-product","3":"status-publish","4":"has-post-thumbnail","6":"product_cat-marinade-kayanou-quebec","7":"product_tag-boeuf","8":"product_tag-cotelettes-de-porc","9":"product_tag-legumes","10":"product_tag-omelette","11":"product_tag-paella","12":"product_tag-poisson","13":"product_tag-porc","14":"product_tag-poulet","15":"product_tag-riz","16":"product_tag-saute-de-legume","18":"first","19":"instock","20":"shipping-taxable","21":"purchasable","22":"product-type-simple"},"acf":[],"_links":{"self":[{"href":"https:\/\/kayanouquebec.ca\/en\/wp-json\/wp\/v2\/product\/1001","targetHints":{"allow":["GET"]}}],"collection":[{"href":"https:\/\/kayanouquebec.ca\/en\/wp-json\/wp\/v2\/product"}],"about":[{"href":"https:\/\/kayanouquebec.ca\/en\/wp-json\/wp\/v2\/types\/product"}],"replies":[{"embeddable":true,"href":"https:\/\/kayanouquebec.ca\/en\/wp-json\/wp\/v2\/comments?post=1001"}],"wp:featuredmedia":[{"embeddable":true,"href":"https:\/\/kayanouquebec.ca\/en\/wp-json\/wp\/v2\/media\/1002"}],"wp:attachment":[{"href":"https:\/\/kayanouquebec.ca\/en\/wp-json\/wp\/v2\/media?parent=1001"}],"wp:term":[{"taxonomy":"product_brand","embeddable":true,"href":"https:\/\/kayanouquebec.ca\/en\/wp-json\/wp\/v2\/product_brand?post=1001"},{"taxonomy":"product_cat","embeddable":true,"href":"https:\/\/kayanouquebec.ca\/en\/wp-json\/wp\/v2\/product_cat?post=1001"},{"taxonomy":"product_tag","embeddable":true,"href":"https:\/\/kayanouquebec.ca\/en\/wp-json\/wp\/v2\/product_tag?post=1001"}],"curies":[{"name":"wp","href":"https:\/\/api.w.org\/{rel}","templated":true}]}}