{"id":1411,"date":"2025-05-07T23:04:33","date_gmt":"2025-05-07T23:04:33","guid":{"rendered":"https:\/\/kayanouquebec.ca\/?post_type=product&#038;p=1411"},"modified":"2026-04-20T23:49:13","modified_gmt":"2026-04-20T23:49:13","slug":"saveur-creole-piquante","status":"publish","type":"product","link":"https:\/\/kayanouquebec.ca\/en\/product\/saveur-creole-piquante\/","title":{"rendered":"Saveur Cr\u00e9ole Piquante"},"content":{"rendered":"<h3 data-start=\"128\" data-end=\"429\"><strong data-start=\"128\" data-end=\"206\">Saveur Cr\u00e9ole Piquante \u2013 Kayanou Qu\u00e9bec, le go\u00fbt authentique de chez nous.<\/strong><\/h3>\n<p data-start=\"128\" data-end=\"429\">Offrez \u00e0 vos repas une touche ensoleill\u00e9e avec notre marinade Saveur Cr\u00e9ole Piquante. Inspir\u00e9e des traditions cr\u00e9oles, cette recette vibrante et savoureuse transforme vos plats ordinaires en v\u00e9ritables festins tropicaux.<\/p>\n<p class=\"\" data-start=\"431\" data-end=\"753\">Con\u00e7ue pour \u00e9veiller vos papilles, cette marinade unique marie harmonieusement des tomates m\u00fbres, des oignons fondants, de l\u2019ail g\u00e9n\u00e9reux, des herbes fra\u00eeches, et une pointe de cumin, rehauss\u00e9e d\u2019\u00e9pices chaleureuses comme le clou de girofle. Id\u00e9ale pour ceux qui aiment les saveurs riches, franches et l\u00e9g\u00e8rement relev\u00e9es.<\/p>\n<p class=\"\" data-start=\"755\" data-end=\"891\"><strong data-start=\"755\" data-end=\"772\">Ingr\u00e9dients :<\/strong><br data-start=\"772\" data-end=\"775\" \/>Huile d\u2019olive, oignons, tomates, ail, cumin, vinaigre, clou de girofle, herbes fra\u00eeches et autres \u00e9pices naturelles.<\/p>","protected":false},"excerpt":{"rendered":"<p>Concoct\u00e9e \u00e0 partir d\u2019ingr\u00e9dients du Qu\u00e9bec et inspir\u00e9e de la cuisine ha\u00eftienne, cette saveur marie subtilement l\u2019ail, le persil et une touche de clou de girofle. La saveur Cr\u00e9ole rehausse vos grillades et donne du caract\u00e8re \u00e0 vos plats mijot\u00e9s.<\/p>","protected":false},"featured_media":1412,"comment_status":"open","ping_status":"closed","template":"","meta":{"_acf_changed":false,"nf_dc_page":"","wprm-recipe-roundup-name":"","wprm-recipe-roundup-description":""},"product_brand":[],"product_cat":[37],"product_tag":[104,103,105],"class_list":{"0":"post-1411","1":"product","2":"type-product","3":"status-publish","4":"has-post-thumbnail","6":"product_cat-marinade-kayanou-quebec","7":"product_tag-legumes","8":"product_tag-poisson","9":"product_tag-poulet","11":"first","12":"instock","13":"shipping-taxable","14":"purchasable","15":"product-type-simple"},"acf":[],"_links":{"self":[{"href":"https:\/\/kayanouquebec.ca\/en\/wp-json\/wp\/v2\/product\/1411","targetHints":{"allow":["GET"]}}],"collection":[{"href":"https:\/\/kayanouquebec.ca\/en\/wp-json\/wp\/v2\/product"}],"about":[{"href":"https:\/\/kayanouquebec.ca\/en\/wp-json\/wp\/v2\/types\/product"}],"replies":[{"embeddable":true,"href":"https:\/\/kayanouquebec.ca\/en\/wp-json\/wp\/v2\/comments?post=1411"}],"wp:featuredmedia":[{"embeddable":true,"href":"https:\/\/kayanouquebec.ca\/en\/wp-json\/wp\/v2\/media\/1412"}],"wp:attachment":[{"href":"https:\/\/kayanouquebec.ca\/en\/wp-json\/wp\/v2\/media?parent=1411"}],"wp:term":[{"taxonomy":"product_brand","embeddable":true,"href":"https:\/\/kayanouquebec.ca\/en\/wp-json\/wp\/v2\/product_brand?post=1411"},{"taxonomy":"product_cat","embeddable":true,"href":"https:\/\/kayanouquebec.ca\/en\/wp-json\/wp\/v2\/product_cat?post=1411"},{"taxonomy":"product_tag","embeddable":true,"href":"https:\/\/kayanouquebec.ca\/en\/wp-json\/wp\/v2\/product_tag?post=1411"}],"curies":[{"name":"wp","href":"https:\/\/api.w.org\/{rel}","templated":true}]}}