{"id":243,"date":"2023-08-06T02:20:29","date_gmt":"2023-08-06T02:20:29","guid":{"rendered":"https:\/\/kayanouquebec.ca\/?post_type=product&#038;p=243"},"modified":"2026-04-16T07:30:10","modified_gmt":"2026-04-16T07:30:10","slug":"saveur-creole","status":"publish","type":"product","link":"https:\/\/kayanouquebec.ca\/en\/product\/saveur-creole\/","title":{"rendered":"Saveur Cr\u00e9ole"},"content":{"rendered":"<h3>Avec la marinade Saveur Cr\u00e9ole transforme vos d\u00eeners ennuyeux en une soir\u00e9e sous les tropiques. Kayanou Qu\u00e9bec, le go\u00fbt de chez nous.<\/h3>\n<p>Avec la marinade Saveur Cr\u00e9ole, nous avons d\u00e9cid\u00e9 de cr\u00e9er une marinade excitante qui se concentre sur la saveur et donne un coup de pied nuanc\u00e9 \u00e0 vos papilles. Ce m\u00e9lange de tomates m\u00fbres, d&#8217;herbes d\u00e9licates, d&#8217;oignons et d&#8217;une g\u00e9n\u00e9reuse dose d&#8217;ail transforme les d\u00eeners ennuyeux en une soir\u00e9e sous les tropiques.<\/p>\n<p>&nbsp;<\/p>\n<h4>Ingr\u00e9dients:<\/h4>\n<p><span class=\"WdYUQQ text-decoration-none text-strikethrough-none\">Huile d\u2019olive, oignons, tomates,<\/span> <span class=\"WdYUQQ text-decoration-none text-strikethrough-none\">ail, cumin, vinaigre, girofle, herbes fraiches et autres \u00e9pices.<\/span><\/p>","protected":false},"excerpt":{"rendered":"<p>Cette saveur est concoct\u00e9e avec des ingr\u00e9dients du Qu\u00e9bec tout en s\u2019inspirant de la cuisine ha\u00eftienne. Un peu d\u2019ail, un peu de persil, un soup\u00e7on de clou girofle : la saveur Cr\u00e9ole rehausse vos grillades et ajoute du peps \u00e0 vos mijot\u00e9s !<\/p>","protected":false},"featured_media":548,"comment_status":"open","ping_status":"closed","template":"","meta":{"_acf_changed":false,"nf_dc_page":"","wprm-recipe-roundup-name":"","wprm-recipe-roundup-description":""},"product_brand":[],"product_cat":[37],"product_tag":[104,103,102,105],"class_list":{"0":"post-243","1":"product","2":"type-product","3":"status-publish","4":"has-post-thumbnail","6":"product_cat-marinade-kayanou-quebec","7":"product_tag-legumes","8":"product_tag-poisson","9":"product_tag-porc","10":"product_tag-poulet","12":"first","13":"instock","14":"shipping-taxable","15":"purchasable","16":"product-type-simple"},"acf":[],"_links":{"self":[{"href":"https:\/\/kayanouquebec.ca\/en\/wp-json\/wp\/v2\/product\/243","targetHints":{"allow":["GET"]}}],"collection":[{"href":"https:\/\/kayanouquebec.ca\/en\/wp-json\/wp\/v2\/product"}],"about":[{"href":"https:\/\/kayanouquebec.ca\/en\/wp-json\/wp\/v2\/types\/product"}],"replies":[{"embeddable":true,"href":"https:\/\/kayanouquebec.ca\/en\/wp-json\/wp\/v2\/comments?post=243"}],"wp:featuredmedia":[{"embeddable":true,"href":"https:\/\/kayanouquebec.ca\/en\/wp-json\/wp\/v2\/media\/548"}],"wp:attachment":[{"href":"https:\/\/kayanouquebec.ca\/en\/wp-json\/wp\/v2\/media?parent=243"}],"wp:term":[{"taxonomy":"product_brand","embeddable":true,"href":"https:\/\/kayanouquebec.ca\/en\/wp-json\/wp\/v2\/product_brand?post=243"},{"taxonomy":"product_cat","embeddable":true,"href":"https:\/\/kayanouquebec.ca\/en\/wp-json\/wp\/v2\/product_cat?post=243"},{"taxonomy":"product_tag","embeddable":true,"href":"https:\/\/kayanouquebec.ca\/en\/wp-json\/wp\/v2\/product_tag?post=243"}],"curies":[{"name":"wp","href":"https:\/\/api.w.org\/{rel}","templated":true}]}}