{"id":246,"date":"2023-08-06T11:41:22","date_gmt":"2023-08-06T11:41:22","guid":{"rendered":"https:\/\/kayanouquebec.ca\/?post_type=product&#038;p=246"},"modified":"2026-04-16T07:29:37","modified_gmt":"2026-04-16T07:29:37","slug":"poivrons-grilles","status":"publish","type":"product","link":"https:\/\/kayanouquebec.ca\/en\/product\/poivrons-grilles\/","title":{"rendered":"Poivrons Grill\u00e9s"},"content":{"rendered":"<h3>Pour notre Marinade poivrons grill\u00e9s, nous avons s\u00e9lectionn\u00e9 les meilleurs ingr\u00e9dients pour changer votre fa\u00e7on de penser au saut\u00e9 de l\u00e9gumes. Avec des poivrons grill\u00e9s \u00e0 la perfection, de l&#8217;huile d&#8217;olive 100 % vierge et des herbes fra\u00eeches, cette marinade gourmet rehausse chaque repas.<\/h3>\n<h3><\/h3>\n<h3><strong>Ingr\u00e9dients:<\/strong><\/h3>\n<p>Huile d&#8217;olive, poivrons grill\u00e9s, ognions, ail, cumin, tomates, vinaigres, basilic, herbes fraiches et autres \u00e9pices.<\/p>\n<p>&nbsp;<\/p>\n<h3>NOS TROIS UTILISATIONS PR\u00c9F\u00c9R\u00c9ES POUR LA MARINADE POIVRONS GRILL\u00c9S<\/h3>\n<ol>\n<li>Le saut\u00e9s de l\u00e9gumes qui \u00e0 du kick<\/li>\n<li>La recette de poissons \u00e0 grand-m\u00e8re avec une pinc\u00e9e de fraicheur<\/li>\n<li>Le rago\u00fbt de boeuf vient d&#8217;\u00eatre r\u00e9hauss\u00e9<\/li>\n<\/ol>\n<p>&nbsp;<\/p>\n<p>&nbsp;<\/p>","protected":false},"excerpt":{"rendered":"<p>Pour notre Marinade poivrons grill\u00e9s, nous avons s\u00e9lectionn\u00e9 les meilleurs ingr\u00e9dients pour changer votre fa\u00e7on de penser au saut\u00e9 de l\u00e9gumes. Avec des poivrons grill\u00e9s \u00e0 la perfection, de l&#8217;huile d&#8217;olive 100 % vierge et des herbes fra\u00eeches, cette marinade gourmet rehausse chaque repas.<\/p>","protected":false},"featured_media":547,"comment_status":"open","ping_status":"closed","template":"","meta":{"_acf_changed":false,"nf_dc_page":"","wprm-recipe-roundup-name":"","wprm-recipe-roundup-description":""},"product_brand":[],"product_cat":[37],"product_tag":[110,106,103,102,105,109],"class_list":{"0":"post-246","1":"product","2":"type-product","3":"status-publish","4":"has-post-thumbnail","6":"product_cat-marinade-kayanou-quebec","7":"product_tag-boeuf","8":"product_tag-omelette","9":"product_tag-poisson","10":"product_tag-porc","11":"product_tag-poulet","12":"product_tag-saute-de-legume","14":"first","15":"instock","16":"shipping-taxable","17":"purchasable","18":"product-type-simple"},"acf":[],"_links":{"self":[{"href":"https:\/\/kayanouquebec.ca\/en\/wp-json\/wp\/v2\/product\/246","targetHints":{"allow":["GET"]}}],"collection":[{"href":"https:\/\/kayanouquebec.ca\/en\/wp-json\/wp\/v2\/product"}],"about":[{"href":"https:\/\/kayanouquebec.ca\/en\/wp-json\/wp\/v2\/types\/product"}],"replies":[{"embeddable":true,"href":"https:\/\/kayanouquebec.ca\/en\/wp-json\/wp\/v2\/comments?post=246"}],"wp:featuredmedia":[{"embeddable":true,"href":"https:\/\/kayanouquebec.ca\/en\/wp-json\/wp\/v2\/media\/547"}],"wp:attachment":[{"href":"https:\/\/kayanouquebec.ca\/en\/wp-json\/wp\/v2\/media?parent=246"}],"wp:term":[{"taxonomy":"product_brand","embeddable":true,"href":"https:\/\/kayanouquebec.ca\/en\/wp-json\/wp\/v2\/product_brand?post=246"},{"taxonomy":"product_cat","embeddable":true,"href":"https:\/\/kayanouquebec.ca\/en\/wp-json\/wp\/v2\/product_cat?post=246"},{"taxonomy":"product_tag","embeddable":true,"href":"https:\/\/kayanouquebec.ca\/en\/wp-json\/wp\/v2\/product_tag?post=246"}],"curies":[{"name":"wp","href":"https:\/\/api.w.org\/{rel}","templated":true}]}}