{"id":248,"date":"2023-08-06T12:43:25","date_gmt":"2023-08-06T12:43:25","guid":{"rendered":"https:\/\/kayanouquebec.ca\/?post_type=product&#038;p=248"},"modified":"2026-04-19T13:07:52","modified_gmt":"2026-04-19T13:07:52","slug":"curcuma-gingembre","status":"publish","type":"product","link":"https:\/\/kayanouquebec.ca\/en\/product\/curcuma-gingembre\/","title":{"rendered":"Curcuma-Gingembre"},"content":{"rendered":"<p>Notre marinade curcuma-gingembre est le m\u00e9lange parfait d&#8217;herbes d\u00e9licates, de gingembre blanc, de curcuma et d&#8217;oignons. En d&#8217;autres termes, vous d\u00e9couvrirez toute la fra\u00eecheur et la profondeur de notre marinade curcuma-gingembre.\u00a0 \u00c9veillez vos papilles avec enthousiasme!<\/p>\n<h3>Ingr\u00e9dients:<\/h3>\n<p>Huile d&#8217;olive, oignons, ail, cumin, curcuma, gingembre, vinaigre, herbes fraiches, autres \u00e9pice.<\/p>\n<p>&nbsp;<\/p>\n<h4>NOS TROIS UTILISATIONS PR\u00c9F\u00c9R\u00c9ES DU CURCUMA-GINGEMBRE<\/h4>\n<ol>\n<li>La marinade &#8220;go-to&#8221; pour vos soir\u00e9e pollo tropical.<\/li>\n<li>Le parfait compagnons du riz gras<\/li>\n<li>Un frutti di mare de qualit\u00e9 restaurant.<\/li>\n<\/ol>\n<p>&nbsp;<\/p>","protected":false},"excerpt":{"rendered":"<p>Notre marinade curcuma-gingembre marie \u00e0 la perfection des herbes d\u00e9licates, du gingembre, du curcuma et des oignons. Elle r\u00e9v\u00e8le toute la fra\u00eecheur et la profondeur de saveurs soigneusement \u00e9quilibr\u00e9es. Pr\u00e9par\u00e9e \u00e0 partir de deux ingr\u00e9dients de choix, elle allie le gingembre, reconnu pour ses propri\u00e9t\u00e9s antioxydantes, et le curcuma, appr\u00e9ci\u00e9 pour ses vertus anti-inflammatoires et anticanc\u00e9reuses.<\/p>\n<p>&nbsp;<\/p>","protected":false},"featured_media":546,"comment_status":"open","ping_status":"closed","template":"","meta":{"_acf_changed":false,"nf_dc_page":"","wprm-recipe-roundup-name":"","wprm-recipe-roundup-description":""},"product_brand":[],"product_cat":[37],"product_tag":[106,107,103,102,105,108,109],"class_list":{"0":"post-248","1":"product","2":"type-product","3":"status-publish","4":"has-post-thumbnail","6":"product_cat-marinade-kayanou-quebec","7":"product_tag-omelette","8":"product_tag-paella","9":"product_tag-poisson","10":"product_tag-porc","11":"product_tag-poulet","12":"product_tag-riz","13":"product_tag-saute-de-legume","15":"first","16":"instock","17":"shipping-taxable","18":"purchasable","19":"product-type-simple"},"acf":[],"_links":{"self":[{"href":"https:\/\/kayanouquebec.ca\/en\/wp-json\/wp\/v2\/product\/248","targetHints":{"allow":["GET"]}}],"collection":[{"href":"https:\/\/kayanouquebec.ca\/en\/wp-json\/wp\/v2\/product"}],"about":[{"href":"https:\/\/kayanouquebec.ca\/en\/wp-json\/wp\/v2\/types\/product"}],"replies":[{"embeddable":true,"href":"https:\/\/kayanouquebec.ca\/en\/wp-json\/wp\/v2\/comments?post=248"}],"wp:featuredmedia":[{"embeddable":true,"href":"https:\/\/kayanouquebec.ca\/en\/wp-json\/wp\/v2\/media\/546"}],"wp:attachment":[{"href":"https:\/\/kayanouquebec.ca\/en\/wp-json\/wp\/v2\/media?parent=248"}],"wp:term":[{"taxonomy":"product_brand","embeddable":true,"href":"https:\/\/kayanouquebec.ca\/en\/wp-json\/wp\/v2\/product_brand?post=248"},{"taxonomy":"product_cat","embeddable":true,"href":"https:\/\/kayanouquebec.ca\/en\/wp-json\/wp\/v2\/product_cat?post=248"},{"taxonomy":"product_tag","embeddable":true,"href":"https:\/\/kayanouquebec.ca\/en\/wp-json\/wp\/v2\/product_tag?post=248"}],"curies":[{"name":"wp","href":"https:\/\/api.w.org\/{rel}","templated":true}]}}